{"id":37714,"date":"2025-01-21T09:56:04","date_gmt":"2025-01-21T08:56:04","guid":{"rendered":"https:\/\/genesys-offenburg.de\/?page_id=37714"},"modified":"2025-01-28T13:01:47","modified_gmt":"2025-01-28T12:01:47","slug":"amda-slim-cn","status":"publish","type":"page","link":"https:\/\/genesys-offenburg.de\/zh-hans\/amda-slim-cn\/","title":{"rendered":"AMDA-Slim \u2013 CN"},"content":{"rendered":"<div id=\"tdi_1\" class=\"tdc-zone\"><div class=\"tdc_zone tdi_2  wpb_row td-pb-row\"  >\n<style scoped>\n\/* custom css - generated by TagDiv Composer *\/\n\n\/* custom css - generated by TagDiv Composer *\/\n.tdi_2{\r\n                    min-height: 0;\r\n                }\n<\/style><div id=\"tdi_3\" class=\"tdc-row stretch_row_content td-stretch-content\"><div class=\"vc_row tdi_4  wpb_row td-pb-row\" >\n<style scoped>\n\/* custom css - generated by TagDiv Composer *\/\n\n\/* custom css - generated by TagDiv Composer *\/\n.tdi_4,\r\n                .tdi_4 .tdc-columns{\r\n                    min-height: 0;\r\n                }.tdi_4,\r\n\t\t\t\t.tdi_4 .tdc-columns{\r\n\t\t\t\t    display: block;\r\n\t\t\t\t}.tdi_4 .tdc-columns{\r\n\t\t\t\t    width: 100%;\r\n\t\t\t\t}.tdi_4:before,\r\n\t\t\t\t.tdi_4:after{\r\n\t\t\t\t    display: table;\r\n\t\t\t\t}\n<\/style><div class=\"vc_column tdi_6  wpb_column vc_column_container tdc-column td-pb-span12\">\n<style scoped>\n\/* custom css - generated by TagDiv Composer *\/\n\n\/* custom css - generated by TagDiv Composer *\/\n.tdi_6{\r\n                    vertical-align: baseline;\r\n                }.tdi_6 > .wpb_wrapper,\r\n\t\t\t\t.tdi_6 > .wpb_wrapper > .tdc-elements{\r\n\t\t\t\t    display: block;\r\n\t\t\t\t}.tdi_6 > .wpb_wrapper > .tdc-elements{\r\n\t\t\t\t    width: 100%;\r\n\t\t\t\t}.tdi_6 > .wpb_wrapper > .vc_row_inner{\r\n\t\t\t\t    width: auto;\r\n\t\t\t\t}.tdi_6 > .wpb_wrapper{\r\n\t\t\t\t    width: auto;\r\n\t\t\t\t    height: auto;\r\n\t\t\t\t}\n<\/style><div class=\"wpb_wrapper\" ><div class=\"vc_row_inner tdi_8  vc_row vc_inner wpb_row td-pb-row\" >\n<style scoped>\n\/* custom css - generated by TagDiv Composer *\/\n\n\/* custom css - generated by TagDiv Composer *\/\n.tdi_8{\r\n                    position: relative !important;\r\n                    top: 0;\r\n                    transform: none;\r\n                    -webkit-transform: none;\r\n                }.tdi_8,\r\n\t\t\t\t.tdi_8 .tdc-inner-columns{\r\n\t\t\t\t    display: block;\r\n\t\t\t\t}.tdi_8 .tdc-inner-columns{\r\n\t\t\t\t    width: 100%;\r\n\t\t\t\t}\n<\/style><div class=\"vc_column_inner tdi_10  wpb_column vc_column_container tdc-inner-column td-pb-span6\">\n<style scoped>\n\/* custom css - generated by TagDiv Composer *\/\n\n\/* custom css - generated by TagDiv Composer *\/\n.tdi_10{\r\n                    vertical-align: baseline;\r\n                }.tdi_10 .vc_column-inner > .wpb_wrapper,\r\n\t\t\t\t.tdi_10 .vc_column-inner > .wpb_wrapper .tdc-elements{\r\n\t\t\t\t    display: block;\r\n\t\t\t\t}.tdi_10 .vc_column-inner > .wpb_wrapper .tdc-elements{\r\n\t\t\t\t    width: 100%;\r\n\t\t\t\t}\n<\/style><div class=\"vc_column-inner\"><div class=\"wpb_wrapper\" ><div class=\"tdm_block td_block_wrap tdm_block_inline_text tdi_11 tdm-inline-block td-pb-border-top td_block_template_2\"  data-td-block-uid=\"tdi_11\" >\n<style>\n\n\/* inline tdc_css att - generated by TagDiv Composer *\/\n\n.tdi_11{\nmargin-bottom:5px !important;\n}\n\n\/* portrait *\/\n@media (min-width: 768px) and (max-width: 1018px)\n{\n.tdi_11{\npadding-bottom:15px !important;\n}\n}\n\n\/* phone *\/\n@media (max-width: 767px)\n{\n.tdi_11{\npadding-bottom:25px !important;\n}\n}\n\n<\/style>\n<style>\n\/* custom css - generated by TagDiv Composer *\/\n.tdm_block.tdm_block_inline_text{\r\n                  margin-bottom: 0;\r\n                  vertical-align: top;\r\n                }.tdm_block.tdm_block_inline_text .tdm-descr{\r\n                  margin-bottom: 0;\r\n                  -webkit-transform: translateZ(0);\r\n                  transform: translateZ(0);\r\n                }.tdc-row-content-vert-center .tdm-inline-text-yes{\r\n                  vertical-align: middle;\r\n                }.tdc-row-content-vert-bottom .tdm-inline-text-yes{\r\n                  vertical-align: bottom;\r\n                }.tdi_11{\r\n                    text-align: left !important;\r\n                }.tdi_11 .tdm-descr{\r\n                    color: #b0d4ff;\r\n                \r\n\t\t\t\t\tfont-size:8rem !important;line-height:1 !important;\r\n\t\t\t\t}\n<\/style><p class=\"tdm-descr\"><span style=\"color:#0f3451;\">ADMA-Slim<\/span> <\/p><\/div><div class=\"tdm_block td_block_wrap tdm_block_inline_image tdi_12 tdm-inline-block tdm-content-horiz-left td-pb-border-top td_block_template_2\"  data-td-block-uid=\"tdi_12\" >\n<style>\n\n\/* inline tdc_css att - generated by TagDiv Composer *\/\n\n.tdi_12{\nmargin-top:30px !important;\nmargin-right:-15px !important;\nmargin-bottom:30px !important;\nmargin-left:-50px !important;\nz-index:9 !important;\n}\n\n\/* phone *\/\n@media (max-width: 767px)\n{\n.tdi_12{\nmargin-top:0px !important;\nmargin-right:-30px !important;\n}\n}\n\n<\/style>\n<style>\n\/* custom css - generated by TagDiv Composer *\/\n.tdm_block.tdm_block_inline_image{\r\n                  position: relative;\r\n                  margin-bottom: 0;\r\n                  line-height: 0;\r\n                  overflow: hidden;\r\n                }.tdm_block.tdm_block_inline_image .tdm-inline-image-wrap{\r\n                  position: relative;\r\n                  display: inline-block;\r\n                }.tdm_block.tdm_block_inline_image .td-image-video-modal{\r\n                  cursor: pointer;\r\n                }.tdm_block.tdm_block_inline_image .tdm-caption{\r\n                  width: 100%;\r\n                  font-family: Verdana, BlinkMacSystemFont, -apple-system, \"Segoe UI\", Roboto, Oxygen, Ubuntu, Cantarell, \"Open Sans\", \"Helvetica Neue\", sans-serif;\r\n                  padding-top: 6px;\r\n                  padding-bottom: 6px;\r\n                  font-size: 12px;\r\n                  font-style: italic;\r\n                  font-weight: normal;\r\n                  line-height: 17px;\r\n                  color: #444;\r\n                }.tdm_block.tdm_block_inline_image.tdm-caption-over-image .tdm-caption{\r\n                  position: absolute;\r\n                  left: 0;\r\n                  bottom: 0;\r\n                  margin-top: 0;\r\n                  padding-left: 10px;\r\n                  padding-right: 10px;\r\n                  width: 100%;\r\n                  background: rgba(0, 0, 0, 0.7);\r\n                  color: #fff;\r\n                }body .td-theme-wrap .tdi_12 .tdm-caption{\r\n                    color: #0f3451;\r\n                }body .tdi_12 .tdm-caption{\r\n\t\t\t\t\tfont-style:normal !important;font-weight:400 !important;\r\n\t\t\t\t}.tdi_12 .tdm-inline-image-wrap:hover:before{\r\n                    opacity: 0;\r\n                }.tdi_12 .tdm-image{\r\n\t\t\t\t\tborder-color:  #eaeaea;\r\n\t\t\t\t}\n<\/style><div class=\"tdm-inline-image-wrap \" ><img decoding=\"async\" class=\"tdm-image td-fix-index\" src=\"https:\/\/genesys-offenburg.de\/wp-content\/uploads\/2021\/05\/ADMA-Slim-Side-by-Side_v1.0-1-696x143.png\"  title=\"ADMA-Slim Line up\" alt=\"[09:52] Tobias Wagner Standard-Version mit 7 LEMO-Steckern in einem wasserdichten Aluminium-Geh\u00e4use und Einzel-Stecker-Version mit MIL-Stecker in einem wasserdichten Aluminium-Geh\u00e4use und OEM-Version ohne Geh\u00e4use\" width=\"696\" height=\"143\"><\/div><\/div><div class=\"tdm_block td_block_wrap tdm_block_inline_text tdi_13 tdm-inline-block td-pb-border-top td_block_template_2\"  data-td-block-uid=\"tdi_13\" >\n<style>\n\n\/* inline tdc_css att - generated by TagDiv Composer *\/\n\n.tdi_13{\nmargin-bottom:5px !important;\n}\n\n\/* portrait *\/\n@media (min-width: 768px) and (max-width: 1018px)\n{\n.tdi_13{\npadding-bottom:15px !important;\n}\n}\n\n\/* phone *\/\n@media (max-width: 767px)\n{\n.tdi_13{\npadding-bottom:25px !important;\n}\n}\n\n<\/style>\n<style>\n\/* custom css - generated by TagDiv Composer *\/\n.tdi_13{\r\n                    text-align: left !important;\r\n                }.tdi_13 .tdm-descr{\r\n                    color: #0f3451;\r\n                }\n<\/style><p class=\"tdm-descr\"><strong>ADMA-Slim \u7248<\/strong><br>\n\u2022 \u6807\u51c6\uff1a LEMO \u8fde\u63a5\u5668\u5728\u9632\u6c34\u5916\u58f3\u4e2d <br>\n\u2022 \u5355\u8fde\u63a5\u5668\uff1a MIL \u63a5\u5934\u5728\u9632\u6c34\u5916\u58f3\u4e2d <br>\n\u2022 OEM\uff1a\u7cfb\u7edf\u96c6\u6210\u5546\u7248<br>\n<br>\nADMA-Slim \u65e2\u53ef\u4ee5\u4e0e\u5e26 SBAS \u548c DGNSS \u4fee\u6b63\u6570\u636e\u63a5\u6536\u529f\u80fd\u7684 L1 GNSS \u63a5\u6536\u673a\u4e00\u8d77\u4f7f\u7528\uff0c\u4e5f\u53ef\u4ee5\u4e0e\u5e26RTK2\u4fee\u6b63\u6570\u636e\u63a5\u6536\u529f\u80fd\u7684L1\/L2 GNSS \u63a5\u6536\u673a\u4e00\u8d77\u4f7f\u7528\uff0c\u5176\u5b9a\u4f4d\u7cbe\u5ea6\u53ef\u8fbe\u5398\u7c73\u7ea7\u3002<\/p><\/div><\/div><\/div><\/div><div class=\"vc_column_inner tdi_15  wpb_column vc_column_container tdc-inner-column td-pb-span6\">\n<style scoped>\n\/* custom css - generated by TagDiv Composer *\/\n\n\/* custom css - generated by TagDiv Composer *\/\n.tdi_15{\r\n                    vertical-align: baseline;\r\n                }.tdi_15 .vc_column-inner > .wpb_wrapper,\r\n\t\t\t\t.tdi_15 .vc_column-inner > .wpb_wrapper .tdc-elements{\r\n\t\t\t\t    display: block;\r\n\t\t\t\t}.tdi_15 .vc_column-inner > .wpb_wrapper .tdc-elements{\r\n\t\t\t\t    width: 100%;\r\n\t\t\t\t}\n\/* inline tdc_css att - generated by TagDiv Composer *\/\n\n.tdi_15{\npadding-top:40px !important;\npadding-right:40px !important;\npadding-bottom:40px !important;\npadding-left:40px !important;\nposition:relative;\n}\n\n\/* phone *\/\n@media (max-width: 767px)\n{\n.tdi_15{\nmargin-top:-20px !important;\nmargin-right:-10px !important;\nmargin-left:-10px !important;\npadding-top:20px !important;\npadding-right:20px !important;\npadding-bottom:20px !important;\npadding-left:20px !important;\nwidth:auto !important;\n}\n}\n\n<\/style>\n<div class=\"tdi_14_rand_style td-element-style\" ><style>\n\/* custom css - generated by TagDiv Composer *\/\n\n.tdi_14_rand_style{\nbackground-color:#0f3451 !important;\n}\n <\/style><\/div><div class=\"vc_column-inner\"><div class=\"wpb_wrapper\" ><div class=\"tdm_block td_block_wrap tdm_block_inline_text tdi_16 tdm-inline-block td-pb-border-top td_block_template_2\"  data-td-block-uid=\"tdi_16\" >\n<style>\n\n\/* inline tdc_css att - generated by TagDiv Composer *\/\n\n.tdi_16{\nmargin-bottom:20px !important;\n}\n\n\/* portrait *\/\n@media (min-width: 768px) and (max-width: 1018px)\n{\n.tdi_16{\npadding-bottom:15px !important;\n}\n}\n\n\/* phone *\/\n@media (max-width: 767px)\n{\n.tdi_16{\npadding-bottom:0px !important;\n}\n}\n\n<\/style>\n<style>\n\/* custom css - generated by TagDiv Composer *\/\n.tdi_16{\r\n                    text-align: left !important;\r\n                }.tdi_16 .tdm-descr{\r\n                    color: #ffffff;\r\n                \r\n\t\t\t\t\tfont-size:12px !important;\r\n\t\t\t\t}\n<\/style><p class=\"tdm-descr\">ADMA-Slim \u4eae\u70b9<\/p><\/div><div class=\"tdm_block td_block_wrap tdm_block_list tdi_17 td-pb-border-top cn-adma-list td_block_template_2 tdm-list-with-icons\"  data-td-block-uid=\"tdi_17\" >\n<style>\n\n\/* inline tdc_css att - generated by TagDiv Composer *\/\n\n.tdi_17{\nmargin-bottom:0px !important;\n}\n\n<\/style>\n<style>\n\/* custom css - generated by TagDiv Composer *\/\n.tdm_block_list .tdm-list-items{\r\n\t\t\t\t    display: flex;\r\n\t\t\t\t    flex-wrap: wrap;\r\n                    margin: 0;\r\n                    font-family: var(--td_default_google_font_1, 'Open Sans', 'Open Sans Regular', sans-serif);\r\n                    font-size: 15px;\r\n                    line-height: 24px;\r\n                    color: #666;\r\n                }.tdm_block_list.tdm-content-horiz-center .tdm-list-items{\r\n                    align-items: center;\r\n                }.tdm_block_list.tdm-content-horiz-right .tdm-list-items{\r\n                    align-items: flex-end;\r\n                }.tdm_block_list .tdm-list-item{\r\n                    margin-bottom: 8px;\r\n                    margin-left: 0;\r\n                }.tdm_block_list .tdm-list-item:after{\r\n                    content: '';\r\n                    display: table;\r\n                    clear: both;\r\n                }.tdm_block_list .tdm-list-item .tdm-list-icon{\r\n                    vertical-align: middle;\r\n                }.tdm_block_list .tdm-list-item i{\r\n                    position: relative;\r\n                    float: left;\r\n                    line-height: inherit;\r\n                    vertical-align: middle;\r\n                    color: var(--td_theme_color, #4db2ec);\r\n                }.tdm_block_list .tdm-list-item .tdm-list-icon-svg{\r\n                    margin-top: -3px;\r\n                    display: inline-flex;\r\n                    align-items: center;\r\n                    justify-content: center;\r\n                }.tdm_block_list .tdm-list-item svg{\r\n                    width: 15px;\r\n                    height: auto;\r\n                }.tdm_block_list .tdm-list-item svg,\r\n                .tdm_block_list .tdm-list-item svg *{\r\n                    fill: var(--td_theme_color, #4db2ec);\r\n                }.tdm_block_list.tdm-list-with-icons .tdm-list-item{\r\n                    list-style-type: none;\r\n                }.tdi_17 .tdm-list-item{\r\n                    width: 100%;\r\n                \r\n                    margin-bottom: 10px;\r\n                }.tdi_17 .tdm-list-item:nth-last-child(-n+1){\r\n                    margin-bottom: 0;\r\n                }.tdi_17{\r\n                    text-align: left;\r\n                }.tdi_17 .tdm-list-text,\r\n\t\t\t\t.tdi_17 .tdm-list-text a{\r\n\t\t\t\t    color: #ffffff;\r\n\t\t\t\t}.tdi_17 .tdm-list-item i{\r\n\t\t\t\t    color: #b0d4ff;\r\n\t\t\t\t}.tdi_17 .tdm-list-item svg,\r\n\t\t\t\t.tdi_17 .tdm-list-item svg *{\r\n\t\t\t\t    fill: #b0d4ff;\r\n\t\t\t\t}.tdi_17 .tdm-list-item .tdm-list-icon{\r\n\t\t\t\t    margin-right: 11px;\r\n\t\t\t\t}\n\n\/* landscape *\/\n@media (min-width: 1019px) and (max-width: 1140px){\n.tdi_17 .tdm-list-item{\r\n                    margin-bottom: 10px !important;\r\n                \r\n                    margin-bottom: 10px;\r\n                }.tdi_17 .tdm-list-item:nth-last-child(-n+1){\r\n                    margin-bottom: 0 !important;\r\n                }\n}\n\n\/* portrait *\/\n@media (min-width: 768px) and (max-width: 1018px){\n.tdi_17 .tdm-list-item{\r\n                    margin-bottom: 10px !important;\r\n                \r\n                    margin-bottom: 10px;\r\n                }.tdi_17 .tdm-list-item:nth-last-child(-n+1){\r\n                    margin-bottom: 0 !important;\r\n                }\n}\n\n\/* phone *\/\n@media (max-width: 767px){\n.tdi_17 .tdm-list-item{\r\n                    margin-bottom: 10px !important;\r\n                \r\n                    margin-bottom: 10px;\r\n                }.tdi_17 .tdm-list-item:nth-last-child(-n+1){\r\n                    margin-bottom: 0 !important;\r\n                }\n}\n<\/style><div class=\"tdm-col td-fix-index\"><ul class=\"tdm-list-items\"><li class=\"tdm-list-item\"><span class=\"tdm-list-text\"><span style=\"display: inline-block; width: 8px; height: 8px; background-color: #b0d4ff; border-radius: 50%; margin-right: 8px; vertical-align: middle;\"><\/span>\u91c7\u7528\u6210\u719f\u7684 ADMA \u6280\u672f\u7684\u5168\u529f\u80fd GNSS\/ \u60ef\u6027\u7cfb\u7edf<br><\/span><\/li><li class=\"tdm-list-item\"><span class=\"tdm-list-text\"><span style=\"display: inline-block; width: 8px; height: 8px; background-color: #b0d4ff; border-radius: 50%; margin-right: 8px; vertical-align: middle;\"><\/span>\u5c0f\u5de7\u3001\u8f7b\u91cf\u548c\u4fbf\u5229\u7684\u5c3a\u5bf8<br><\/span><\/li><li class=\"tdm-list-item\"><span class=\"tdm-list-text\"><span style=\"display: inline-block; width: 8px; height: 8px; background-color: #b0d4ff; border-radius: 50%; margin-right: 8px; vertical-align: middle;\"><\/span>\u5728\u6240\u6709\u4e09\u4e2a\u6d4b\u91cf\u8f74\u4e0a\u6d4b\u91cf\u8f66\u8f86\u8fd0\u52a8\uff0c\u5373\u4f7f GPS \u6389\u7ebf\u65f6\u4e5f\u4e0d\u4f8b\u5916<br><\/span><\/li><li class=\"tdm-list-item\"><span class=\"tdm-list-text\"><span style=\"display: inline-block; width: 8px; height: 8px; background-color: #b0d4ff; border-radius: 50%; margin-right: 8px; vertical-align: middle;\"><\/span>\u4f7f\u7528\u56fa\u8054\u6280\u672f\u3001\u575a\u56fa\u7684MEMS\u60ef\u6027\u4f20\u611f\u5668\uff08\u52a0\u901f\u5ea6\u8303\u56f4\u5206\u522b\u4e3a5\u300110\u300115g\uff09<br><\/span><\/li><li class=\"tdm-list-item\"><span class=\"tdm-list-text\"><span style=\"display: inline-block; width: 8px; height: 8px; background-color: #b0d4ff; border-radius: 50%; margin-right: 8px; vertical-align: middle;\"><\/span>\u901a\u8fc7\u591a\u91cd\u5168\u7403\u5bfc\u822a\u536b\u661f\u7cfb\u7edf\uff08GPS\u3001\u683c\u6d1b\u7eb3\u65af\u3001\u4f3d\u5229\u7565\u3001\u5317\u6597\uff09\u63d0\u9ad8\u536b\u661f\u63a5\u6536\u80fd\u529b<br><\/span><\/li><li class=\"tdm-list-item\"><span class=\"tdm-list-text\"><span style=\"display: inline-block; width: 8px; height: 8px; background-color: #b0d4ff; border-radius: 50%; margin-right: 8px; vertical-align: middle;\"><\/span>\u53ef\u63d0\u4f9b\u53cc\u5929\u7ebf\u7248<br><\/span><\/li><li class=\"tdm-list-item\"><span class=\"tdm-list-text\"><span style=\"display: inline-block; width: 8px; height: 8px; background-color: #b0d4ff; border-radius: 50%; margin-right: 8px; vertical-align: middle;\"><\/span>\u53ef\u901a\u8fc7\u5927\u529f\u7387\u78c1\u94c1\u8fdb\u884c\u5b89\u88c5<br><\/span><\/li><li class=\"tdm-list-item\"><span class=\"tdm-list-text\"><span style=\"display: inline-block; width: 8px; height: 8px; background-color: #b0d4ff; border-radius: 50%; margin-right: 8px; vertical-align: middle;\"><\/span>-\u6709\u4e13\u95e8\u7684\u6280\u672f\u53ef\u5c06 GPS \u5929\u7ebf\u76f4\u63a5\u8fde\u63a5\u5230\u60ef\u6027\u4f20\u611f\u5668<br><\/span><\/li><li class=\"tdm-list-item\"><span class=\"tdm-list-text\"><span style=\"display: inline-block; width: 8px; height: 8px; background-color: #b0d4ff; border-radius: 50%; margin-right: 8px; vertical-align: middle;\"><\/span>\u6709\u9632\u6c34\u5916\u58f3\u7248\u6216\u5411OEM\u63d0\u4f9b\u65e0\u5916\u58f3\u7248<br><\/span><\/li><li class=\"tdm-list-item\"><span class=\"tdm-list-text\"><span style=\"display: inline-block; width: 8px; height: 8px; background-color: #b0d4ff; border-radius: 50%; margin-right: 8px; vertical-align: middle;\"><\/span>\u4e0e\u6240\u6709\u5e38\u89c1\u7684\u6297\u78be\u538b\u8bbe\u5907\u517c\u5bb9<br><\/span><\/li><li class=\"tdm-list-item\"><span class=\"tdm-list-text\"><span style=\"display: inline-block; width: 8px; height: 8px; background-color: #b0d4ff; border-radius: 50%; margin-right: 8px; vertical-align: middle;\"><\/span>\u53ef\u9009\u7684\u53ef\u6269\u5c55\u9879\uff0c\u4f8b\u5982 RTK \u6216 DELTA \u9009\u9879<\/span><\/li><\/ul><\/div><\/div><\/div><\/div><\/div><\/div><div class=\"vc_row_inner tdi_19  vc_row vc_inner wpb_row td-pb-row\" >\n<style scoped>\n\/* custom css - generated by TagDiv Composer *\/\n\n\/* custom css - generated by TagDiv Composer *\/\n.tdi_19{\r\n                    position: relative !important;\r\n                    top: 0;\r\n                    transform: none;\r\n                    -webkit-transform: none;\r\n                }.tdi_19,\r\n\t\t\t\t.tdi_19 .tdc-inner-columns{\r\n\t\t\t\t    display: block;\r\n\t\t\t\t}.tdi_19 .tdc-inner-columns{\r\n\t\t\t\t    width: 100%;\r\n\t\t\t\t}\n\/* inline tdc_css att - generated by TagDiv Composer *\/\n\n.tdi_19{\nmargin-top:20px !important;\n}\n\n.tdi_19 .td_block_wrap{ text-align:left }\n\n<\/style><div class=\"vc_column_inner tdi_21  wpb_column vc_column_container tdc-inner-column td-pb-span12\">\n<style scoped>\n\/* custom css - generated by TagDiv Composer *\/\n\n\/* custom css - generated by TagDiv Composer *\/\n.tdi_21{\r\n                    vertical-align: baseline;\r\n                }.tdi_21 .vc_column-inner > .wpb_wrapper,\r\n\t\t\t\t.tdi_21 .vc_column-inner > .wpb_wrapper .tdc-elements{\r\n\t\t\t\t    display: block;\r\n\t\t\t\t}.tdi_21 .vc_column-inner > .wpb_wrapper .tdc-elements{\r\n\t\t\t\t    width: 100%;\r\n\t\t\t\t}\n<\/style><div class=\"vc_column-inner\"><div class=\"wpb_wrapper\" ><\/div><\/div><\/div><\/div><\/div><\/div><\/div><\/div><\/div><\/div>","protected":false},"excerpt":{"rendered":"","protected":false},"author":1,"featured_media":0,"parent":0,"menu_order":0,"comment_status":"closed","ping_status":"closed","template":"","meta":{"_acf_changed":false,"_links_to":"","_links_to_type":0,"footnotes":""},"class_list":["post-37714","page","type-page","status-publish"],"acf":[],"featured_image_src":null,"_links":{"self":[{"href":"https:\/\/genesys-offenburg.de\/zh-hans\/wp-json\/wp\/v2\/pages\/37714","targetHints":{"allow":["GET"]}}],"collection":[{"href":"https:\/\/genesys-offenburg.de\/zh-hans\/wp-json\/wp\/v2\/pages"}],"about":[{"href":"https:\/\/genesys-offenburg.de\/zh-hans\/wp-json\/wp\/v2\/types\/page"}],"author":[{"embeddable":true,"href":"https:\/\/genesys-offenburg.de\/zh-hans\/wp-json\/wp\/v2\/users\/1"}],"replies":[{"embeddable":true,"href":"https:\/\/genesys-offenburg.de\/zh-hans\/wp-json\/wp\/v2\/comments?post=37714"}],"version-history":[{"count":3,"href":"https:\/\/genesys-offenburg.de\/zh-hans\/wp-json\/wp\/v2\/pages\/37714\/revisions"}],"predecessor-version":[{"id":38748,"href":"https:\/\/genesys-offenburg.de\/zh-hans\/wp-json\/wp\/v2\/pages\/37714\/revisions\/38748"}],"wp:attachment":[{"href":"https:\/\/genesys-offenburg.de\/zh-hans\/wp-json\/wp\/v2\/media?parent=37714"}],"curies":[{"name":"wp","href":"https:\/\/api.w.org\/{rel}","templated":true}]}}